{"id":2,"date":"2024-07-17T11:00:38","date_gmt":"2024-07-17T09:00:38","guid":{"rendered":"http:\/\/multibuzz.fr\/?page_id=2"},"modified":"2024-09-16T10:09:03","modified_gmt":"2024-09-16T08:09:03","slug":"page-d-exemple","status":"publish","type":"page","link":"https:\/\/multibuzz.fr\/index.php\/page-d-exemple\/","title":{"rendered":"Description"},"content":{"rendered":"\n<p>Le buzzer ultime : multicolore, multifonctions, rechargeable (en USB C) avec 4 modes de jeu : Quiz, Hit it 1, Hit it 2, Simon<\/p>\n\n\n\n<p>De 8 \u00e0 16 buzzers pilot\u00e9s par un boitier de commande<\/p>\n\n\n\n<figure class=\"wp-block-gallery has-nested-images columns-4 is-cropped wp-block-gallery-5 is-layout-flex wp-block-gallery-is-layout-flex\">\n<figure class=\"wp-block-image size-large is-style-rounded is-style-rounded--1\"><img loading=\"lazy\" decoding=\"async\" width=\"1024\" height=\"439\" data-id=\"146\" src=\"http:\/\/multibuzz.fr\/wp-content\/uploads\/2024\/09\/IMG_3152-1024x439.jpg\" alt=\"\" class=\"wp-image-146\" srcset=\"https:\/\/multibuzz.fr\/wp-content\/uploads\/2024\/09\/IMG_3152-1024x439.jpg 1024w, https:\/\/multibuzz.fr\/wp-content\/uploads\/2024\/09\/IMG_3152-300x129.jpg 300w, https:\/\/multibuzz.fr\/wp-content\/uploads\/2024\/09\/IMG_3152-768x330.jpg 768w, https:\/\/multibuzz.fr\/wp-content\/uploads\/2024\/09\/IMG_3152-1536x659.jpg 1536w, https:\/\/multibuzz.fr\/wp-content\/uploads\/2024\/09\/IMG_3152-2048x879.jpg 2048w, https:\/\/multibuzz.fr\/wp-content\/uploads\/2024\/09\/IMG_3152-1320x566.jpg 1320w, https:\/\/multibuzz.fr\/wp-content\/uploads\/2024\/09\/IMG_3152-600x257.jpg 600w\" sizes=\"auto, (max-width: 1024px) 100vw, 1024px\" \/><\/figure>\n\n\n\n<figure class=\"wp-block-image size-large is-style-rounded is-style-rounded--2\"><img loading=\"lazy\" decoding=\"async\" width=\"1024\" height=\"571\" data-id=\"139\" src=\"http:\/\/multibuzz.fr\/wp-content\/uploads\/2024\/07\/DD9895BA-C1AE-43B9-AD64-E1EE224EAD0E_1_201_a-1024x571.jpeg\" alt=\"\" class=\"wp-image-139\" srcset=\"https:\/\/multibuzz.fr\/wp-content\/uploads\/2024\/07\/DD9895BA-C1AE-43B9-AD64-E1EE224EAD0E_1_201_a-1024x571.jpeg 1024w, https:\/\/multibuzz.fr\/wp-content\/uploads\/2024\/07\/DD9895BA-C1AE-43B9-AD64-E1EE224EAD0E_1_201_a-300x167.jpeg 300w, https:\/\/multibuzz.fr\/wp-content\/uploads\/2024\/07\/DD9895BA-C1AE-43B9-AD64-E1EE224EAD0E_1_201_a-768x428.jpeg 768w, https:\/\/multibuzz.fr\/wp-content\/uploads\/2024\/07\/DD9895BA-C1AE-43B9-AD64-E1EE224EAD0E_1_201_a-1536x856.jpeg 1536w, https:\/\/multibuzz.fr\/wp-content\/uploads\/2024\/07\/DD9895BA-C1AE-43B9-AD64-E1EE224EAD0E_1_201_a-2048x1141.jpeg 2048w, https:\/\/multibuzz.fr\/wp-content\/uploads\/2024\/07\/DD9895BA-C1AE-43B9-AD64-E1EE224EAD0E_1_201_a-1320x736.jpeg 1320w, https:\/\/multibuzz.fr\/wp-content\/uploads\/2024\/07\/DD9895BA-C1AE-43B9-AD64-E1EE224EAD0E_1_201_a-600x334.jpeg 600w\" sizes=\"auto, (max-width: 1024px) 100vw, 1024px\" \/><\/figure>\n\n\n\n<figure class=\"wp-block-image size-large is-style-rounded is-style-rounded--3\"><img loading=\"lazy\" decoding=\"async\" width=\"1024\" height=\"664\" data-id=\"138\" src=\"http:\/\/multibuzz.fr\/wp-content\/uploads\/2024\/07\/795BD793-8F01-47AC-9095-4AF491C81CD5_1_201_a-1024x664.jpeg\" alt=\"\" class=\"wp-image-138\" srcset=\"https:\/\/multibuzz.fr\/wp-content\/uploads\/2024\/07\/795BD793-8F01-47AC-9095-4AF491C81CD5_1_201_a-1024x664.jpeg 1024w, https:\/\/multibuzz.fr\/wp-content\/uploads\/2024\/07\/795BD793-8F01-47AC-9095-4AF491C81CD5_1_201_a-300x195.jpeg 300w, https:\/\/multibuzz.fr\/wp-content\/uploads\/2024\/07\/795BD793-8F01-47AC-9095-4AF491C81CD5_1_201_a-768x498.jpeg 768w, https:\/\/multibuzz.fr\/wp-content\/uploads\/2024\/07\/795BD793-8F01-47AC-9095-4AF491C81CD5_1_201_a-1536x997.jpeg 1536w, https:\/\/multibuzz.fr\/wp-content\/uploads\/2024\/07\/795BD793-8F01-47AC-9095-4AF491C81CD5_1_201_a-2048x1329.jpeg 2048w, https:\/\/multibuzz.fr\/wp-content\/uploads\/2024\/07\/795BD793-8F01-47AC-9095-4AF491C81CD5_1_201_a-1320x856.jpeg 1320w, https:\/\/multibuzz.fr\/wp-content\/uploads\/2024\/07\/795BD793-8F01-47AC-9095-4AF491C81CD5_1_201_a-600x389.jpeg 600w\" sizes=\"auto, (max-width: 1024px) 100vw, 1024px\" \/><\/figure>\n\n\n\n<figure class=\"wp-block-image size-large is-style-rounded is-style-rounded--4\"><img loading=\"lazy\" decoding=\"async\" width=\"1024\" height=\"742\" data-id=\"137\" src=\"http:\/\/multibuzz.fr\/wp-content\/uploads\/2024\/07\/6DB7D1F0-0AFC-45FC-9AE0-CDC808A64F71_1_201_a-1024x742.jpeg\" alt=\"\" class=\"wp-image-137\" srcset=\"https:\/\/multibuzz.fr\/wp-content\/uploads\/2024\/07\/6DB7D1F0-0AFC-45FC-9AE0-CDC808A64F71_1_201_a-1024x742.jpeg 1024w, https:\/\/multibuzz.fr\/wp-content\/uploads\/2024\/07\/6DB7D1F0-0AFC-45FC-9AE0-CDC808A64F71_1_201_a-300x217.jpeg 300w, https:\/\/multibuzz.fr\/wp-content\/uploads\/2024\/07\/6DB7D1F0-0AFC-45FC-9AE0-CDC808A64F71_1_201_a-768x556.jpeg 768w, https:\/\/multibuzz.fr\/wp-content\/uploads\/2024\/07\/6DB7D1F0-0AFC-45FC-9AE0-CDC808A64F71_1_201_a-1536x1113.jpeg 1536w, https:\/\/multibuzz.fr\/wp-content\/uploads\/2024\/07\/6DB7D1F0-0AFC-45FC-9AE0-CDC808A64F71_1_201_a-2048x1483.jpeg 2048w, https:\/\/multibuzz.fr\/wp-content\/uploads\/2024\/07\/6DB7D1F0-0AFC-45FC-9AE0-CDC808A64F71_1_201_a-1320x956.jpeg 1320w, https:\/\/multibuzz.fr\/wp-content\/uploads\/2024\/07\/6DB7D1F0-0AFC-45FC-9AE0-CDC808A64F71_1_201_a-600x435.jpeg 600w\" sizes=\"auto, (max-width: 1024px) 100vw, 1024px\" \/><\/figure>\n<\/figure>\n\n\n\n<p class=\"has-large-font-size\"><strong>QUIZ :<\/strong><\/p>\n\n\n\n<p>Syst\u00e8me d&#8217;arbitrage permettant de d\u00e9tecter le buzzer le plus rapide.<\/p>\n\n\n\n<p>Avec la Touche verte START, vous mettez tous les buzzers en jeu : les buzzers seront verts.<\/p>\n\n\n\n<p>Tous les joueurs essaient de buzzer : le plus rapide flashera bleu et bippera (vous pouvez enlever le son), les autres buzzers seront rouges (bloqu\u00e9s).<\/p>\n\n\n\n<p>Les buzzers sont partag\u00e9s en 2 \u00e9quipes : les buzzers rouges (num\u00e9ros impairs) et les buzzers bleus (num\u00e9ros pairs).<\/p>\n\n\n\n<p>Vous pouvez ajouter ou retirer des points \u00e0 l&#8217;\u00e9quipe du buzzer qui a la main.<\/p>\n\n\n\n<p>Si la r\u00e9ponse est incorrecte, la Touche jaune (CONTINUE), bloque le buzzer et remet tous les autres buzzers en jeu.<\/p>\n\n\n\n<p>Si la r\u00e9ponse est correcte, la Touche START remet tous les buzzers au vert pour une nouvelle question.<\/p>\n\n\n\n<p>La Touche bleue (STOP) bloque tous les buzzers en l&#8217;attente de la d\u00e9cision.<\/p>\n\n\n\n<p>.<\/p>\n\n\n\n<figure class=\"wp-block-embed is-type-video is-provider-youtube wp-block-embed-youtube wp-embed-aspect-16-9 wp-has-aspect-ratio\"><div class=\"wp-block-embed__wrapper\">\n<iframe loading=\"lazy\" title=\"QUIZ AVEC MULTIBUZZ\" width=\"500\" height=\"281\" src=\"https:\/\/www.youtube.com\/embed\/twZW_fyMyYQ?feature=oembed\" frameborder=\"0\" allow=\"accelerometer; autoplay; clipboard-write; encrypted-media; gyroscope; picture-in-picture; web-share\" referrerpolicy=\"strict-origin-when-cross-origin\" allowfullscreen><\/iframe>\n<\/div><\/figure>\n\n\n\n<p class=\"has-large-font-size\"><strong>HIT IT 1 et 2 :<\/strong><\/p>\n\n\n\n<p>Jeu \u00e0 1 ou 2 joueurs. Le but est d&#8217;appuyer sur le maximum de buzzers allum\u00e9s pendant le temps imparti (120 secondes)<\/p>\n\n\n\n<p>3 vitesses de jeu sont possibles, choisies \u00e0 partir des touches verte (rapide), jaune (moyenne) et bleue (lente).<\/p>\n\n\n\n<p>Dans le MODE 2 (1P), 1 joueur, les buzzers s&#8217;allument alternativement en rouge, le temps restant d\u00e9file dans l&#8217;\u00e9cran du haut, le score en cours dans l&#8217;\u00e9cran \u00e0 gauche.<\/p>\n\n\n\n<p>Dans le MODE 3 (2P), 2 joueurs, les buzzers s&#8217;allument en rouge et bleu, le temps restant d\u00e9file dans l&#8217;\u00e9cran du haut, le score du joueur rouge dans l&#8217;\u00e9cran \u00e0 gauche et celui du joueur bleu dans l&#8217;\u00e9cran de droite.<\/p>\n\n\n\n<p>.<\/p>\n\n\n\n<figure class=\"wp-block-embed is-type-video is-provider-youtube wp-block-embed-youtube wp-embed-aspect-16-9 wp-has-aspect-ratio\"><div class=\"wp-block-embed__wrapper\">\n<iframe loading=\"lazy\" title=\"HIT IT (PASSURLATETT)\" width=\"500\" height=\"281\" src=\"https:\/\/www.youtube.com\/embed\/PDvGlkkBwDI?feature=oembed\" frameborder=\"0\" allow=\"accelerometer; autoplay; clipboard-write; encrypted-media; gyroscope; picture-in-picture; web-share\" referrerpolicy=\"strict-origin-when-cross-origin\" allowfullscreen><\/iframe>\n<\/div><\/figure>\n\n\n\n<figure class=\"wp-block-embed is-type-video is-provider-youtube wp-block-embed-youtube wp-embed-aspect-16-9 wp-has-aspect-ratio\"><div class=\"wp-block-embed__wrapper\">\n<iframe loading=\"lazy\" title=\"HIT IT 2 JOUEURS\" width=\"500\" height=\"281\" src=\"https:\/\/www.youtube.com\/embed\/Q6GxzDxfzEE?feature=oembed\" frameborder=\"0\" allow=\"accelerometer; autoplay; clipboard-write; encrypted-media; gyroscope; picture-in-picture; web-share\" referrerpolicy=\"strict-origin-when-cross-origin\" allowfullscreen><\/iframe>\n<\/div><\/figure>\n\n\n\n<p class=\"has-large-font-size\"><strong>SIMON :<\/strong><\/p>\n\n\n\n<p>CE JEU NE SE JOUE QU&#8217;AVEC 8 BUZZERS MAXIMUM<\/p>\n\n\n\n<p>Dans ce jeu (Mode 4, Fl), il s&#8217;agit pour le joueur de reproduire la s\u00e9quence de couleurs la plus longue jou\u00e9e par le buzzer Ma\u00eetre.<\/p>\n\n\n\n<p>On peut aussi jouer avec les num\u00e9ros des buzzers affich\u00e9s sur le boitier de commande ou les sons sp\u00e9cifique de chaque buzzer.<\/p>\n\n\n\n<figure class=\"wp-block-embed is-type-video is-provider-youtube wp-block-embed-youtube wp-embed-aspect-16-9 wp-has-aspect-ratio\"><div class=\"wp-block-embed__wrapper\">\n<iframe loading=\"lazy\" title=\"JOUEZ \u00c0 SIMON AVEC MULTIBUZZ\" width=\"500\" height=\"281\" src=\"https:\/\/www.youtube.com\/embed\/1dAzRHBH16U?feature=oembed\" frameborder=\"0\" allow=\"accelerometer; autoplay; clipboard-write; encrypted-media; gyroscope; picture-in-picture; web-share\" referrerpolicy=\"strict-origin-when-cross-origin\" allowfullscreen><\/iframe>\n<\/div><\/figure>\n\n\n\n<div data-wp-interactive=\"core\/file\" class=\"wp-block-file aligncenter\"><object data-wp-bind--hidden=\"!state.hasPdfPreview\" hidden class=\"wp-block-file__embed\" data=\"http:\/\/multibuzz.fr\/wp-content\/uploads\/2024\/09\/MANUEL-MULTIBUZZ.pdf\" type=\"application\/pdf\" style=\"width:100%;height:600px\" aria-label=\"Contenu embarqu\u00e9 MANUEL MULTIBUZZ.\"><\/object><a id=\"wp-block-file--media-b9229153-e276-458a-baea-5e5b7ba027b7\" href=\"http:\/\/multibuzz.fr\/wp-content\/uploads\/2024\/09\/MANUEL-MULTIBUZZ.pdf\">MANUEL MULTIBUZZ<\/a><a href=\"http:\/\/multibuzz.fr\/wp-content\/uploads\/2024\/09\/MANUEL-MULTIBUZZ.pdf\" class=\"wp-block-file__button wp-element-button\" download aria-describedby=\"wp-block-file--media-b9229153-e276-458a-baea-5e5b7ba027b7\">T\u00e9l\u00e9charger<\/a><\/div>\n","protected":false},"excerpt":{"rendered":"<p>Le buzzer ultime : multicolore, multifonctions, rechargeable (en USB C) avec 4 modes de jeu : Quiz, Hit it 1, Hit it 2, Simon De 8 \u00e0 16 buzzers pilot\u00e9s par un boitier de commande QUIZ : Syst\u00e8me d&#8217;arbitrage permettant de d\u00e9tecter le buzzer le plus rapide. Avec la Touche verte START, vous mettez tous [&hellip;]<\/p>\n","protected":false},"author":1,"featured_media":0,"parent":0,"menu_order":0,"comment_status":"closed","ping_status":"open","template":"","meta":{"footnotes":""},"class_list":["post-2","page","type-page","status-publish","hentry"],"jetpack_sharing_enabled":true,"_links":{"self":[{"href":"https:\/\/multibuzz.fr\/index.php\/wp-json\/wp\/v2\/pages\/2","targetHints":{"allow":["GET"]}}],"collection":[{"href":"https:\/\/multibuzz.fr\/index.php\/wp-json\/wp\/v2\/pages"}],"about":[{"href":"https:\/\/multibuzz.fr\/index.php\/wp-json\/wp\/v2\/types\/page"}],"author":[{"embeddable":true,"href":"https:\/\/multibuzz.fr\/index.php\/wp-json\/wp\/v2\/users\/1"}],"replies":[{"embeddable":true,"href":"https:\/\/multibuzz.fr\/index.php\/wp-json\/wp\/v2\/comments?post=2"}],"version-history":[{"count":21,"href":"https:\/\/multibuzz.fr\/index.php\/wp-json\/wp\/v2\/pages\/2\/revisions"}],"predecessor-version":[{"id":174,"href":"https:\/\/multibuzz.fr\/index.php\/wp-json\/wp\/v2\/pages\/2\/revisions\/174"}],"wp:attachment":[{"href":"https:\/\/multibuzz.fr\/index.php\/wp-json\/wp\/v2\/media?parent=2"}],"curies":[{"name":"wp","href":"https:\/\/api.w.org\/{rel}","templated":true}]}}